{"id":22,"date":"2026-04-26T19:04:46","date_gmt":"2026-04-26T22:04:46","guid":{"rendered":"http:\/\/clarelpericias.com\/?post_type=product&#038;p=22"},"modified":"2026-04-26T19:04:47","modified_gmt":"2026-04-26T22:04:47","slug":"laudo-tecnico-de-teste-pdf","status":"publish","type":"product","link":"https:\/\/clarelpericias.com\/?product=laudo-tecnico-de-teste-pdf","title":{"rendered":"Laudo T\u00e9cnico de Teste (PDF)"},"content":{"rendered":"<p>Este \u00e9 um produto de teste para valida\u00e7\u00e3o do sistema de vendas.<\/p>\n<p>Ap\u00f3s a compra, o arquivo em PDF ser\u00e1 disponibilizado para download.<\/p>\n","protected":false},"excerpt":{"rendered":"<p>Este \u00e9 um produto de teste para valida\u00e7\u00e3o do sistema de vendas. Ap\u00f3s a compra, o arquivo em PDF ser\u00e1 disponibilizado para download.<\/p>\n","protected":false},"featured_media":15,"comment_status":"open","ping_status":"closed","template":"","meta":[],"product_brand":[],"product_cat":[16],"product_tag":[],"class_list":{"0":"post-22","1":"product","2":"type-product","3":"status-publish","4":"has-post-thumbnail","6":"product_cat-sem-categoria","8":"first","9":"instock","10":"downloadable","11":"virtual","12":"purchasable","13":"product-type-simple"},"yoast_head":"<!-- This site is optimized with the Yoast SEO plugin v22.8 - https:\/\/yoast.com\/wordpress\/plugins\/seo\/ -->\n<title>Laudo T\u00e9cnico de Teste (PDF) - Clarelpericias<\/title>\n<meta name=\"robots\" content=\"index, follow, max-snippet:-1, max-image-preview:large, max-video-preview:-1\" \/>\n<link rel=\"canonical\" href=\"https:\/\/clarelpericias.com\/?product=laudo-tecnico-de-teste-pdf\" \/>\n<meta property=\"og:locale\" content=\"pt_BR\" \/>\n<meta property=\"og:type\" content=\"article\" \/>\n<meta property=\"og:title\" content=\"Laudo T\u00e9cnico de Teste (PDF) - Clarelpericias\" \/>\n<meta property=\"og:description\" content=\"Este \u00e9 um produto de teste para valida\u00e7\u00e3o do sistema de vendas. Ap\u00f3s a compra, o arquivo em PDF ser\u00e1 disponibilizado para download.\" \/>\n<meta property=\"og:url\" content=\"https:\/\/clarelpericias.com\/?product=laudo-tecnico-de-teste-pdf\" \/>\n<meta property=\"og:site_name\" content=\"Clarelpericias\" \/>\n<meta property=\"article:modified_time\" content=\"2026-04-26T22:04:47+00:00\" \/>\n<meta property=\"og:image\" content=\"https:\/\/clarelpericias.com\/wp-content\/uploads\/2026\/04\/IMG_E9473-luisa-ezeq.-e-clarel-scaled.jpg\" \/>\n\t<meta property=\"og:image:width\" content=\"2560\" \/>\n\t<meta property=\"og:image:height\" content=\"1920\" \/>\n\t<meta property=\"og:image:type\" content=\"image\/jpeg\" \/>\n<meta name=\"twitter:card\" content=\"summary_large_image\" \/>\n<meta name=\"twitter:label1\" content=\"Est. tempo de leitura\" \/>\n\t<meta name=\"twitter:data1\" content=\"1 minuto\" \/>\n<script type=\"application\/ld+json\" class=\"yoast-schema-graph\">{\"@context\":\"https:\/\/schema.org\",\"@graph\":[{\"@type\":\"WebPage\",\"@id\":\"https:\/\/clarelpericias.com\/?product=laudo-tecnico-de-teste-pdf\",\"url\":\"https:\/\/clarelpericias.com\/?product=laudo-tecnico-de-teste-pdf\",\"name\":\"Laudo T\u00e9cnico de Teste (PDF) - Clarelpericias\",\"isPartOf\":{\"@id\":\"https:\/\/clarelpericias.com\/#website\"},\"primaryImageOfPage\":{\"@id\":\"https:\/\/clarelpericias.com\/?product=laudo-tecnico-de-teste-pdf#primaryimage\"},\"image\":{\"@id\":\"https:\/\/clarelpericias.com\/?product=laudo-tecnico-de-teste-pdf#primaryimage\"},\"thumbnailUrl\":\"https:\/\/clarelpericias.com\/wp-content\/uploads\/2026\/04\/IMG_E9473-luisa-ezeq.-e-clarel-scaled.jpg\",\"datePublished\":\"2026-04-26T22:04:46+00:00\",\"dateModified\":\"2026-04-26T22:04:47+00:00\",\"breadcrumb\":{\"@id\":\"https:\/\/clarelpericias.com\/?product=laudo-tecnico-de-teste-pdf#breadcrumb\"},\"inLanguage\":\"pt-BR\",\"potentialAction\":[{\"@type\":\"ReadAction\",\"target\":[\"https:\/\/clarelpericias.com\/?product=laudo-tecnico-de-teste-pdf\"]}]},{\"@type\":\"ImageObject\",\"inLanguage\":\"pt-BR\",\"@id\":\"https:\/\/clarelpericias.com\/?product=laudo-tecnico-de-teste-pdf#primaryimage\",\"url\":\"https:\/\/clarelpericias.com\/wp-content\/uploads\/2026\/04\/IMG_E9473-luisa-ezeq.-e-clarel-scaled.jpg\",\"contentUrl\":\"https:\/\/clarelpericias.com\/wp-content\/uploads\/2026\/04\/IMG_E9473-luisa-ezeq.-e-clarel-scaled.jpg\",\"width\":2560,\"height\":1920},{\"@type\":\"BreadcrumbList\",\"@id\":\"https:\/\/clarelpericias.com\/?product=laudo-tecnico-de-teste-pdf#breadcrumb\",\"itemListElement\":[{\"@type\":\"ListItem\",\"position\":1,\"name\":\"Home\",\"item\":\"https:\/\/clarelpericias.com\/\"},{\"@type\":\"ListItem\",\"position\":2,\"name\":\"Loja\",\"item\":\"https:\/\/clarelpericias.com\/\"},{\"@type\":\"ListItem\",\"position\":3,\"name\":\"Laudo T\u00e9cnico de Teste (PDF)\"}]},{\"@type\":\"WebSite\",\"@id\":\"https:\/\/clarelpericias.com\/#website\",\"url\":\"https:\/\/clarelpericias.com\/\",\"name\":\"Clarelpericias\",\"description\":\"\",\"potentialAction\":[{\"@type\":\"SearchAction\",\"target\":{\"@type\":\"EntryPoint\",\"urlTemplate\":\"https:\/\/clarelpericias.com\/?s={search_term_string}\"},\"query-input\":\"required name=search_term_string\"}],\"inLanguage\":\"pt-BR\"}]}<\/script>\n<!-- \/ Yoast SEO plugin. -->","yoast_head_json":{"title":"Laudo T\u00e9cnico de Teste (PDF) - Clarelpericias","robots":{"index":"index","follow":"follow","max-snippet":"max-snippet:-1","max-image-preview":"max-image-preview:large","max-video-preview":"max-video-preview:-1"},"canonical":"https:\/\/clarelpericias.com\/?product=laudo-tecnico-de-teste-pdf","og_locale":"pt_BR","og_type":"article","og_title":"Laudo T\u00e9cnico de Teste (PDF) - Clarelpericias","og_description":"Este \u00e9 um produto de teste para valida\u00e7\u00e3o do sistema de vendas. Ap\u00f3s a compra, o arquivo em PDF ser\u00e1 disponibilizado para download.","og_url":"https:\/\/clarelpericias.com\/?product=laudo-tecnico-de-teste-pdf","og_site_name":"Clarelpericias","article_modified_time":"2026-04-26T22:04:47+00:00","og_image":[{"width":2560,"height":1920,"url":"https:\/\/clarelpericias.com\/wp-content\/uploads\/2026\/04\/IMG_E9473-luisa-ezeq.-e-clarel-scaled.jpg","type":"image\/jpeg"}],"twitter_card":"summary_large_image","twitter_misc":{"Est. tempo de leitura":"1 minuto"},"schema":{"@context":"https:\/\/schema.org","@graph":[{"@type":"WebPage","@id":"https:\/\/clarelpericias.com\/?product=laudo-tecnico-de-teste-pdf","url":"https:\/\/clarelpericias.com\/?product=laudo-tecnico-de-teste-pdf","name":"Laudo T\u00e9cnico de Teste (PDF) - Clarelpericias","isPartOf":{"@id":"https:\/\/clarelpericias.com\/#website"},"primaryImageOfPage":{"@id":"https:\/\/clarelpericias.com\/?product=laudo-tecnico-de-teste-pdf#primaryimage"},"image":{"@id":"https:\/\/clarelpericias.com\/?product=laudo-tecnico-de-teste-pdf#primaryimage"},"thumbnailUrl":"https:\/\/clarelpericias.com\/wp-content\/uploads\/2026\/04\/IMG_E9473-luisa-ezeq.-e-clarel-scaled.jpg","datePublished":"2026-04-26T22:04:46+00:00","dateModified":"2026-04-26T22:04:47+00:00","breadcrumb":{"@id":"https:\/\/clarelpericias.com\/?product=laudo-tecnico-de-teste-pdf#breadcrumb"},"inLanguage":"pt-BR","potentialAction":[{"@type":"ReadAction","target":["https:\/\/clarelpericias.com\/?product=laudo-tecnico-de-teste-pdf"]}]},{"@type":"ImageObject","inLanguage":"pt-BR","@id":"https:\/\/clarelpericias.com\/?product=laudo-tecnico-de-teste-pdf#primaryimage","url":"https:\/\/clarelpericias.com\/wp-content\/uploads\/2026\/04\/IMG_E9473-luisa-ezeq.-e-clarel-scaled.jpg","contentUrl":"https:\/\/clarelpericias.com\/wp-content\/uploads\/2026\/04\/IMG_E9473-luisa-ezeq.-e-clarel-scaled.jpg","width":2560,"height":1920},{"@type":"BreadcrumbList","@id":"https:\/\/clarelpericias.com\/?product=laudo-tecnico-de-teste-pdf#breadcrumb","itemListElement":[{"@type":"ListItem","position":1,"name":"Home","item":"https:\/\/clarelpericias.com\/"},{"@type":"ListItem","position":2,"name":"Loja","item":"https:\/\/clarelpericias.com\/"},{"@type":"ListItem","position":3,"name":"Laudo T\u00e9cnico de Teste (PDF)"}]},{"@type":"WebSite","@id":"https:\/\/clarelpericias.com\/#website","url":"https:\/\/clarelpericias.com\/","name":"Clarelpericias","description":"","potentialAction":[{"@type":"SearchAction","target":{"@type":"EntryPoint","urlTemplate":"https:\/\/clarelpericias.com\/?s={search_term_string}"},"query-input":"required name=search_term_string"}],"inLanguage":"pt-BR"}]}},"_links":{"self":[{"href":"https:\/\/clarelpericias.com\/index.php?rest_route=\/wp\/v2\/product\/22","targetHints":{"allow":["GET"]}}],"collection":[{"href":"https:\/\/clarelpericias.com\/index.php?rest_route=\/wp\/v2\/product"}],"about":[{"href":"https:\/\/clarelpericias.com\/index.php?rest_route=\/wp\/v2\/types\/product"}],"replies":[{"embeddable":true,"href":"https:\/\/clarelpericias.com\/index.php?rest_route=%2Fwp%2Fv2%2Fcomments&post=22"}],"wp:featuredmedia":[{"embeddable":true,"href":"https:\/\/clarelpericias.com\/index.php?rest_route=\/wp\/v2\/media\/15"}],"wp:attachment":[{"href":"https:\/\/clarelpericias.com\/index.php?rest_route=%2Fwp%2Fv2%2Fmedia&parent=22"}],"wp:term":[{"taxonomy":"product_brand","embeddable":true,"href":"https:\/\/clarelpericias.com\/index.php?rest_route=%2Fwp%2Fv2%2Fproduct_brand&post=22"},{"taxonomy":"product_cat","embeddable":true,"href":"https:\/\/clarelpericias.com\/index.php?rest_route=%2Fwp%2Fv2%2Fproduct_cat&post=22"},{"taxonomy":"product_tag","embeddable":true,"href":"https:\/\/clarelpericias.com\/index.php?rest_route=%2Fwp%2Fv2%2Fproduct_tag&post=22"}],"curies":[{"name":"wp","href":"https:\/\/api.w.org\/{rel}","templated":true}]}}